{"id":143,"date":"2020-06-10T21:05:53","date_gmt":"2020-06-10T19:05:53","guid":{"rendered":"http:\/\/www.schlager-stuckateurbetrieb.de\/?page_id=143"},"modified":"2021-01-02T11:59:18","modified_gmt":"2021-01-02T10:59:18","slug":"ueber-uns-2","status":"publish","type":"page","link":"https:\/\/www.schlager-stuckateurbetrieb.de\/?page_id=143","title":{"rendered":"\u00dcber uns"},"content":{"rendered":"\n<h2 class=\"wp-block-heading\">Der Gesch\u00e4ftsf\u00fchrer <\/h2>\n\n\n\n<figure class=\"wp-block-image size-medium\"><img loading=\"lazy\" decoding=\"async\" width=\"300\" height=\"200\" src=\"https:\/\/www.schlager-stuckateurbetrieb.de\/wp-content\/uploads\/2020\/12\/newPortrait-Norbert-Schlager-300x200.jpg\" alt=\"\" class=\"wp-image-252\" srcset=\"https:\/\/www.schlager-stuckateurbetrieb.de\/wp-content\/uploads\/2020\/12\/newPortrait-Norbert-Schlager-300x200.jpg 300w, https:\/\/www.schlager-stuckateurbetrieb.de\/wp-content\/uploads\/2020\/12\/newPortrait-Norbert-Schlager-1024x683.jpg 1024w, https:\/\/www.schlager-stuckateurbetrieb.de\/wp-content\/uploads\/2020\/12\/newPortrait-Norbert-Schlager-768x512.jpg 768w, https:\/\/www.schlager-stuckateurbetrieb.de\/wp-content\/uploads\/2020\/12\/newPortrait-Norbert-Schlager-1536x1024.jpg 1536w, https:\/\/www.schlager-stuckateurbetrieb.de\/wp-content\/uploads\/2020\/12\/newPortrait-Norbert-Schlager.jpg 1800w\" sizes=\"auto, (max-width: 300px) 100vw, 300px\" \/><\/figure>\n\n\n\n<blockquote class=\"wp-block-quote is-layout-flow wp-block-quote-is-layout-flow\"><p>&#8222;Durch Fachberatung finden wir die beste L\u00f6sung f\u00fcr ihr Anliegen. Dabei werden unterschiedlichste T\u00e4tigkeiten im Bereich Ausbau und Fassade abgedeckt.&#8220;<\/p><\/blockquote>\n\n\n\n<p>Norbert Schlager leitet das Unternehmen seit 2000 in 2. Generation. Neben seiner im Jahr 1992 bestandenen Meisterpr\u00fcfung zeichnet ihn auch seine Zusatzqualifikation als Geb\u00e4udeenergieberater aus. Au\u00dferdem ist er seit 2014 Obermeister der <a href=\"http:\/\/www.stuckateur-innung-biberach.de\/\" data-type=\"URL\" data-id=\"http:\/\/www.stuckateur-innung-biberach.de\/\" target=\"_blank\" rel=\"noreferrer noopener\">Stuckateur-Innung Biberach<\/a> und setzt sich hier f\u00fcr die Zukunft des Handwerks in der Region ein.<\/p>\n\n\n\n<h2 class=\"wp-block-heading\">Unsere Flotte<\/h2>\n\n\n\n<figure class=\"wp-block-image size-medium is-resized\"><img decoding=\"async\" src=\"https:\/\/www.schlager-stuckateurbetrieb.de\/wp-content\/uploads\/2020\/12\/Flotte-300x199.png\" alt=\"\" class=\"wp-image-256\" width=\"300\" srcset=\"https:\/\/www.schlager-stuckateurbetrieb.de\/wp-content\/uploads\/2020\/12\/Flotte-300x199.png 300w, https:\/\/www.schlager-stuckateurbetrieb.de\/wp-content\/uploads\/2020\/12\/Flotte-1024x681.png 1024w, https:\/\/www.schlager-stuckateurbetrieb.de\/wp-content\/uploads\/2020\/12\/Flotte-768x511.png 768w, https:\/\/www.schlager-stuckateurbetrieb.de\/wp-content\/uploads\/2020\/12\/Flotte-1536x1021.png 1536w, https:\/\/www.schlager-stuckateurbetrieb.de\/wp-content\/uploads\/2020\/12\/Flotte.png 1859w\" sizes=\"(max-width: 300px) 100vw, 300px\" \/><figcaption>Mit unterschiedlichen Sprintern und einem Lastwagen sind wir bestens ausgestattet um ihre Auftr\u00e4ge umzusetzen<\/figcaption><\/figure>\n","protected":false},"excerpt":{"rendered":"<p>Der Gesch\u00e4ftsf\u00fchrer &#8222;Durch Fachberatung finden wir die beste L\u00f6sung f\u00fcr ihr Anliegen. Dabei werden unterschiedlichste T\u00e4tigkeiten im Bereich Ausbau und Fassade abgedeckt.&#8220; Norbert Schlager leitet das Unternehmen seit 2000 in 2. Generation. Neben seiner im Jahr 1992 bestandenen Meisterpr\u00fcfung zeichnet ihn auch seine Zusatzqualifikation als Geb\u00e4udeenergieberater aus. Au\u00dferdem ist er seit 2014 Obermeister der Stuckateur-Innung &hellip; <\/p>\n<p class=\"link-more\"><a href=\"https:\/\/www.schlager-stuckateurbetrieb.de\/?page_id=143\" class=\"more-link\"><span class=\"screen-reader-text\">\u201e\u00dcber uns\u201c<\/span> weiterlesen<\/a><\/p>\n","protected":false},"author":1,"featured_media":0,"parent":0,"menu_order":0,"comment_status":"closed","ping_status":"closed","template":"","meta":{"footnotes":""},"class_list":["post-143","page","type-page","status-publish","hentry"],"yoast_head":"<!-- This site is optimized with the Yoast SEO plugin v19.11 - https:\/\/yoast.com\/wordpress\/plugins\/seo\/ -->\n<title>\u00dcber uns - Schlager Stuckateur<\/title>\n<meta name=\"robots\" content=\"index, follow, max-snippet:-1, max-image-preview:large, max-video-preview:-1\" \/>\n<link rel=\"canonical\" href=\"https:\/\/www.schlager-stuckateurbetrieb.de\/?page_id=143\" \/>\n<meta property=\"og:locale\" content=\"de_DE\" \/>\n<meta property=\"og:type\" content=\"article\" \/>\n<meta property=\"og:title\" content=\"\u00dcber uns - Schlager Stuckateur\" \/>\n<meta property=\"og:description\" content=\"Der Gesch\u00e4ftsf\u00fchrer &#8222;Durch Fachberatung finden wir die beste L\u00f6sung f\u00fcr ihr Anliegen. Dabei werden unterschiedlichste T\u00e4tigkeiten im Bereich Ausbau und Fassade abgedeckt.&#8220; Norbert Schlager leitet das Unternehmen seit 2000 in 2. Generation. Neben seiner im Jahr 1992 bestandenen Meisterpr\u00fcfung zeichnet ihn auch seine Zusatzqualifikation als Geb\u00e4udeenergieberater aus. Au\u00dferdem ist er seit 2014 Obermeister der Stuckateur-Innung &hellip; \u201e\u00dcber uns\u201c weiterlesen\" \/>\n<meta property=\"og:url\" content=\"https:\/\/www.schlager-stuckateurbetrieb.de\/?page_id=143\" \/>\n<meta property=\"og:site_name\" content=\"Schlager Stuckateur\" \/>\n<meta property=\"article:modified_time\" content=\"2021-01-02T10:59:18+00:00\" \/>\n<meta property=\"og:image\" content=\"https:\/\/www.schlager-stuckateurbetrieb.de\/wp-content\/uploads\/2020\/12\/newPortrait-Norbert-Schlager-300x200.jpg\" \/>\n<meta name=\"twitter:card\" content=\"summary_large_image\" \/>\n<script type=\"application\/ld+json\" class=\"yoast-schema-graph\">{\"@context\":\"https:\/\/schema.org\",\"@graph\":[{\"@type\":\"WebPage\",\"@id\":\"https:\/\/www.schlager-stuckateurbetrieb.de\/?page_id=143\",\"url\":\"https:\/\/www.schlager-stuckateurbetrieb.de\/?page_id=143\",\"name\":\"\u00dcber uns - Schlager Stuckateur\",\"isPartOf\":{\"@id\":\"https:\/\/www.schlager-stuckateurbetrieb.de\/#website\"},\"datePublished\":\"2020-06-10T19:05:53+00:00\",\"dateModified\":\"2021-01-02T10:59:18+00:00\",\"breadcrumb\":{\"@id\":\"https:\/\/www.schlager-stuckateurbetrieb.de\/?page_id=143#breadcrumb\"},\"inLanguage\":\"de\",\"potentialAction\":[{\"@type\":\"ReadAction\",\"target\":[\"https:\/\/www.schlager-stuckateurbetrieb.de\/?page_id=143\"]}]},{\"@type\":\"BreadcrumbList\",\"@id\":\"https:\/\/www.schlager-stuckateurbetrieb.de\/?page_id=143#breadcrumb\",\"itemListElement\":[{\"@type\":\"ListItem\",\"position\":1,\"name\":\"Startseite\",\"item\":\"https:\/\/www.schlager-stuckateurbetrieb.de\/\"},{\"@type\":\"ListItem\",\"position\":2,\"name\":\"\u00dcber uns\"}]},{\"@type\":\"WebSite\",\"@id\":\"https:\/\/www.schlager-stuckateurbetrieb.de\/#website\",\"url\":\"https:\/\/www.schlager-stuckateurbetrieb.de\/\",\"name\":\"Schlager Stuckateur\",\"description\":\"Ihr Fachmann f\u00fcr Au\u00dfen- und Innenarbeiten\",\"publisher\":{\"@id\":\"https:\/\/www.schlager-stuckateurbetrieb.de\/#organization\"},\"potentialAction\":[{\"@type\":\"SearchAction\",\"target\":{\"@type\":\"EntryPoint\",\"urlTemplate\":\"https:\/\/www.schlager-stuckateurbetrieb.de\/?s={search_term_string}\"},\"query-input\":\"required name=search_term_string\"}],\"inLanguage\":\"de\"},{\"@type\":\"Organization\",\"@id\":\"https:\/\/www.schlager-stuckateurbetrieb.de\/#organization\",\"name\":\"Schlager Stuckateurbetrieb\",\"url\":\"https:\/\/www.schlager-stuckateurbetrieb.de\/\",\"logo\":{\"@type\":\"ImageObject\",\"inLanguage\":\"de\",\"@id\":\"https:\/\/www.schlager-stuckateurbetrieb.de\/#\/schema\/logo\/image\/\",\"url\":\"https:\/\/www.schlager-stuckateurbetrieb.de\/wp-content\/uploads\/2020\/12\/cropped-new_cropped-schlager_logo.png\",\"contentUrl\":\"https:\/\/www.schlager-stuckateurbetrieb.de\/wp-content\/uploads\/2020\/12\/cropped-new_cropped-schlager_logo.png\",\"width\":665,\"height\":250,\"caption\":\"Schlager Stuckateurbetrieb\"},\"image\":{\"@id\":\"https:\/\/www.schlager-stuckateurbetrieb.de\/#\/schema\/logo\/image\/\"}}]}<\/script>\n<!-- \/ Yoast SEO plugin. -->","yoast_head_json":{"title":"\u00dcber uns - Schlager Stuckateur","robots":{"index":"index","follow":"follow","max-snippet":"max-snippet:-1","max-image-preview":"max-image-preview:large","max-video-preview":"max-video-preview:-1"},"canonical":"https:\/\/www.schlager-stuckateurbetrieb.de\/?page_id=143","og_locale":"de_DE","og_type":"article","og_title":"\u00dcber uns - Schlager Stuckateur","og_description":"Der Gesch\u00e4ftsf\u00fchrer &#8222;Durch Fachberatung finden wir die beste L\u00f6sung f\u00fcr ihr Anliegen. Dabei werden unterschiedlichste T\u00e4tigkeiten im Bereich Ausbau und Fassade abgedeckt.&#8220; Norbert Schlager leitet das Unternehmen seit 2000 in 2. Generation. Neben seiner im Jahr 1992 bestandenen Meisterpr\u00fcfung zeichnet ihn auch seine Zusatzqualifikation als Geb\u00e4udeenergieberater aus. Au\u00dferdem ist er seit 2014 Obermeister der Stuckateur-Innung &hellip; \u201e\u00dcber uns\u201c weiterlesen","og_url":"https:\/\/www.schlager-stuckateurbetrieb.de\/?page_id=143","og_site_name":"Schlager Stuckateur","article_modified_time":"2021-01-02T10:59:18+00:00","og_image":[{"url":"https:\/\/www.schlager-stuckateurbetrieb.de\/wp-content\/uploads\/2020\/12\/newPortrait-Norbert-Schlager-300x200.jpg"}],"twitter_card":"summary_large_image","schema":{"@context":"https:\/\/schema.org","@graph":[{"@type":"WebPage","@id":"https:\/\/www.schlager-stuckateurbetrieb.de\/?page_id=143","url":"https:\/\/www.schlager-stuckateurbetrieb.de\/?page_id=143","name":"\u00dcber uns - Schlager Stuckateur","isPartOf":{"@id":"https:\/\/www.schlager-stuckateurbetrieb.de\/#website"},"datePublished":"2020-06-10T19:05:53+00:00","dateModified":"2021-01-02T10:59:18+00:00","breadcrumb":{"@id":"https:\/\/www.schlager-stuckateurbetrieb.de\/?page_id=143#breadcrumb"},"inLanguage":"de","potentialAction":[{"@type":"ReadAction","target":["https:\/\/www.schlager-stuckateurbetrieb.de\/?page_id=143"]}]},{"@type":"BreadcrumbList","@id":"https:\/\/www.schlager-stuckateurbetrieb.de\/?page_id=143#breadcrumb","itemListElement":[{"@type":"ListItem","position":1,"name":"Startseite","item":"https:\/\/www.schlager-stuckateurbetrieb.de\/"},{"@type":"ListItem","position":2,"name":"\u00dcber uns"}]},{"@type":"WebSite","@id":"https:\/\/www.schlager-stuckateurbetrieb.de\/#website","url":"https:\/\/www.schlager-stuckateurbetrieb.de\/","name":"Schlager Stuckateur","description":"Ihr Fachmann f\u00fcr Au\u00dfen- und Innenarbeiten","publisher":{"@id":"https:\/\/www.schlager-stuckateurbetrieb.de\/#organization"},"potentialAction":[{"@type":"SearchAction","target":{"@type":"EntryPoint","urlTemplate":"https:\/\/www.schlager-stuckateurbetrieb.de\/?s={search_term_string}"},"query-input":"required name=search_term_string"}],"inLanguage":"de"},{"@type":"Organization","@id":"https:\/\/www.schlager-stuckateurbetrieb.de\/#organization","name":"Schlager Stuckateurbetrieb","url":"https:\/\/www.schlager-stuckateurbetrieb.de\/","logo":{"@type":"ImageObject","inLanguage":"de","@id":"https:\/\/www.schlager-stuckateurbetrieb.de\/#\/schema\/logo\/image\/","url":"https:\/\/www.schlager-stuckateurbetrieb.de\/wp-content\/uploads\/2020\/12\/cropped-new_cropped-schlager_logo.png","contentUrl":"https:\/\/www.schlager-stuckateurbetrieb.de\/wp-content\/uploads\/2020\/12\/cropped-new_cropped-schlager_logo.png","width":665,"height":250,"caption":"Schlager Stuckateurbetrieb"},"image":{"@id":"https:\/\/www.schlager-stuckateurbetrieb.de\/#\/schema\/logo\/image\/"}}]}},"_links":{"self":[{"href":"https:\/\/www.schlager-stuckateurbetrieb.de\/index.php?rest_route=\/wp\/v2\/pages\/143","targetHints":{"allow":["GET"]}}],"collection":[{"href":"https:\/\/www.schlager-stuckateurbetrieb.de\/index.php?rest_route=\/wp\/v2\/pages"}],"about":[{"href":"https:\/\/www.schlager-stuckateurbetrieb.de\/index.php?rest_route=\/wp\/v2\/types\/page"}],"author":[{"embeddable":true,"href":"https:\/\/www.schlager-stuckateurbetrieb.de\/index.php?rest_route=\/wp\/v2\/users\/1"}],"replies":[{"embeddable":true,"href":"https:\/\/www.schlager-stuckateurbetrieb.de\/index.php?rest_route=%2Fwp%2Fv2%2Fcomments&post=143"}],"version-history":[{"count":26,"href":"https:\/\/www.schlager-stuckateurbetrieb.de\/index.php?rest_route=\/wp\/v2\/pages\/143\/revisions"}],"predecessor-version":[{"id":299,"href":"https:\/\/www.schlager-stuckateurbetrieb.de\/index.php?rest_route=\/wp\/v2\/pages\/143\/revisions\/299"}],"wp:attachment":[{"href":"https:\/\/www.schlager-stuckateurbetrieb.de\/index.php?rest_route=%2Fwp%2Fv2%2Fmedia&parent=143"}],"curies":[{"name":"wp","href":"https:\/\/api.w.org\/{rel}","templated":true}]}}