{"id":424,"date":"2022-12-01T14:04:58","date_gmt":"2022-12-01T13:04:58","guid":{"rendered":"https:\/\/www.schlager-stuckateurbetrieb.de\/?page_id=424"},"modified":"2022-12-01T14:11:21","modified_gmt":"2022-12-01T13:11:21","slug":"team","status":"publish","type":"page","link":"https:\/\/www.schlager-stuckateurbetrieb.de\/?page_id=424","title":{"rendered":"Team"},"content":{"rendered":"\n<p>Unsere motivierten Mitarbeiterinnen und Mitarbeiter tragen durch Ihre Arbeit ihren eigenen Beitrag zur Umsetzung der unterschiedlichsten Projekte. Dabei gibt es keine festgefahrenen Teamstrukturen um gr\u00f6\u00dftm\u00f6gliche Flexibilit\u00e4t in Zusammenarbeit und Kapazit\u00e4tsbedarf zu gew\u00e4hrleisten.<\/p>\n\n\n\n<h2 class=\"wp-block-heading\">Wir suchen Verst\u00e4rkung!<\/h2>\n\n\n\n<img loading=\"lazy\" decoding=\"async\" class=\"\" src=\"https:\/\/www.schlager-stuckateurbetrieb.de\/wp-content\/uploads\/2022\/07\/schlager_anzeige-1-740x1024.jpg\" alt=\"Stellenanzeige\" width=\"500\" height=\"692\" \/>\n\n <link rel=\"stylesheet\" href=\"https:\/\/fonts.googleapis.com\/css?family=Varela+Round\">\n\n<script>\nfunction sendEmail() \n{\n    window.location = \"mailto:info@schlager-stuckateurbetrieb.de?subject=Bewerbung&body=Zur Bewerbung wird lediglich ein kurzes Motivationsschreiben und ein aktueller Lebenslauf ben\u00f6tigt. Diese k\u00f6nnen einfach dieser Email angeh\u00e4ngt werden. Wir freuen uns deine Unterlagen anzuschauen und melden uns darauf um ein pers\u00f6nliches Gespr\u00e4ch zu vereinbaren.\";\n}\n<\/script>\n\n<div \nstyle=\"\nbackground-color:#2574ad;  \ncolor:#ffffff;\ndisplay: box;\nvertical-align: middle;\nborder:1px solid #CCC;\nbox-shadow: 0 0 5px -1px rgba(0,0,0,0.2);\ncursor:pointer;\ntext-align: center;\nmax-width: 500px;\nheight: 10px;\nline-height: 5px;\n    padding: 30px;\n\" onclick=\"sendEmail(); \">\n<p style=\"color:#ffffff; font-family: 'Libre Franklin', 'Helvetica Neue', helvetica, arial, sans-serif; font-size: 30px; vertical-align: top;\"\n>Jetzt bewerben<\/p>\n<\/div>\n","protected":false},"excerpt":{"rendered":"<p>Unsere motivierten Mitarbeiterinnen und Mitarbeiter tragen durch Ihre Arbeit ihren eigenen Beitrag zur Umsetzung der unterschiedlichsten Projekte. Dabei gibt es keine festgefahrenen Teamstrukturen um gr\u00f6\u00dftm\u00f6gliche Flexibilit\u00e4t in Zusammenarbeit und Kapazit\u00e4tsbedarf zu gew\u00e4hrleisten. Wir suchen Verst\u00e4rkung! Jetzt bewerben<\/p>\n","protected":false},"author":2,"featured_media":0,"parent":115,"menu_order":0,"comment_status":"closed","ping_status":"closed","template":"","meta":{"footnotes":""},"class_list":["post-424","page","type-page","status-publish","hentry"],"yoast_head":"<!-- This site is optimized with the Yoast SEO plugin v19.11 - https:\/\/yoast.com\/wordpress\/plugins\/seo\/ -->\n<title>Team - Schlager Stuckateur<\/title>\n<meta name=\"description\" content=\"Wir suchen junge Motivierte Mitarbeiter. Egal ob Ausbildung, Facharbeiter oder Ausbau-Manager. Wir unterst\u00fctzen dich bei deinem Berufswunsch.\" \/>\n<meta name=\"robots\" content=\"index, follow, max-snippet:-1, max-image-preview:large, max-video-preview:-1\" \/>\n<link rel=\"canonical\" href=\"https:\/\/www.schlager-stuckateurbetrieb.de\/?page_id=424\" \/>\n<meta property=\"og:locale\" content=\"de_DE\" \/>\n<meta property=\"og:type\" content=\"article\" \/>\n<meta property=\"og:title\" content=\"Team - Schlager Stuckateur\" \/>\n<meta property=\"og:description\" content=\"Wir suchen junge Motivierte Mitarbeiter. Egal ob Ausbildung, Facharbeiter oder Ausbau-Manager. Wir unterst\u00fctzen dich bei deinem Berufswunsch.\" \/>\n<meta property=\"og:url\" content=\"https:\/\/www.schlager-stuckateurbetrieb.de\/?page_id=424\" \/>\n<meta property=\"og:site_name\" content=\"Schlager Stuckateur\" \/>\n<meta property=\"article:modified_time\" content=\"2022-12-01T13:11:21+00:00\" \/>\n<meta property=\"og:image\" content=\"https:\/\/www.schlager-stuckateurbetrieb.de\/wp-content\/uploads\/2022\/07\/schlager_anzeige-1-740x1024.jpg\" \/>\n<meta name=\"twitter:card\" content=\"summary_large_image\" \/>\n<meta name=\"twitter:label1\" content=\"Gesch\u00e4tzte Lesezeit\" \/>\n\t<meta name=\"twitter:data1\" content=\"1\u00a0Minute\" \/>\n<script type=\"application\/ld+json\" class=\"yoast-schema-graph\">{\"@context\":\"https:\/\/schema.org\",\"@graph\":[{\"@type\":\"WebPage\",\"@id\":\"https:\/\/www.schlager-stuckateurbetrieb.de\/?page_id=424\",\"url\":\"https:\/\/www.schlager-stuckateurbetrieb.de\/?page_id=424\",\"name\":\"Team - Schlager Stuckateur\",\"isPartOf\":{\"@id\":\"https:\/\/www.schlager-stuckateurbetrieb.de\/#website\"},\"datePublished\":\"2022-12-01T13:04:58+00:00\",\"dateModified\":\"2022-12-01T13:11:21+00:00\",\"description\":\"Wir suchen junge Motivierte Mitarbeiter. Egal ob Ausbildung, Facharbeiter oder Ausbau-Manager. Wir unterst\u00fctzen dich bei deinem Berufswunsch.\",\"breadcrumb\":{\"@id\":\"https:\/\/www.schlager-stuckateurbetrieb.de\/?page_id=424#breadcrumb\"},\"inLanguage\":\"de\",\"potentialAction\":[{\"@type\":\"ReadAction\",\"target\":[\"https:\/\/www.schlager-stuckateurbetrieb.de\/?page_id=424\"]}]},{\"@type\":\"BreadcrumbList\",\"@id\":\"https:\/\/www.schlager-stuckateurbetrieb.de\/?page_id=424#breadcrumb\",\"itemListElement\":[{\"@type\":\"ListItem\",\"position\":1,\"name\":\"Startseite\",\"item\":\"https:\/\/www.schlager-stuckateurbetrieb.de\/\"},{\"@type\":\"ListItem\",\"position\":2,\"name\":\"Impressum\",\"item\":\"https:\/\/www.schlager-stuckateurbetrieb.de\/?page_id=115\"},{\"@type\":\"ListItem\",\"position\":3,\"name\":\"Team\"}]},{\"@type\":\"WebSite\",\"@id\":\"https:\/\/www.schlager-stuckateurbetrieb.de\/#website\",\"url\":\"https:\/\/www.schlager-stuckateurbetrieb.de\/\",\"name\":\"Schlager Stuckateur\",\"description\":\"Ihr Fachmann f\u00fcr Au\u00dfen- und Innenarbeiten\",\"publisher\":{\"@id\":\"https:\/\/www.schlager-stuckateurbetrieb.de\/#organization\"},\"potentialAction\":[{\"@type\":\"SearchAction\",\"target\":{\"@type\":\"EntryPoint\",\"urlTemplate\":\"https:\/\/www.schlager-stuckateurbetrieb.de\/?s={search_term_string}\"},\"query-input\":\"required name=search_term_string\"}],\"inLanguage\":\"de\"},{\"@type\":\"Organization\",\"@id\":\"https:\/\/www.schlager-stuckateurbetrieb.de\/#organization\",\"name\":\"Schlager Stuckateurbetrieb\",\"url\":\"https:\/\/www.schlager-stuckateurbetrieb.de\/\",\"logo\":{\"@type\":\"ImageObject\",\"inLanguage\":\"de\",\"@id\":\"https:\/\/www.schlager-stuckateurbetrieb.de\/#\/schema\/logo\/image\/\",\"url\":\"https:\/\/www.schlager-stuckateurbetrieb.de\/wp-content\/uploads\/2020\/12\/cropped-new_cropped-schlager_logo.png\",\"contentUrl\":\"https:\/\/www.schlager-stuckateurbetrieb.de\/wp-content\/uploads\/2020\/12\/cropped-new_cropped-schlager_logo.png\",\"width\":665,\"height\":250,\"caption\":\"Schlager Stuckateurbetrieb\"},\"image\":{\"@id\":\"https:\/\/www.schlager-stuckateurbetrieb.de\/#\/schema\/logo\/image\/\"}}]}<\/script>\n<!-- \/ Yoast SEO plugin. -->","yoast_head_json":{"title":"Team - Schlager Stuckateur","description":"Wir suchen junge Motivierte Mitarbeiter. Egal ob Ausbildung, Facharbeiter oder Ausbau-Manager. Wir unterst\u00fctzen dich bei deinem Berufswunsch.","robots":{"index":"index","follow":"follow","max-snippet":"max-snippet:-1","max-image-preview":"max-image-preview:large","max-video-preview":"max-video-preview:-1"},"canonical":"https:\/\/www.schlager-stuckateurbetrieb.de\/?page_id=424","og_locale":"de_DE","og_type":"article","og_title":"Team - Schlager Stuckateur","og_description":"Wir suchen junge Motivierte Mitarbeiter. Egal ob Ausbildung, Facharbeiter oder Ausbau-Manager. Wir unterst\u00fctzen dich bei deinem Berufswunsch.","og_url":"https:\/\/www.schlager-stuckateurbetrieb.de\/?page_id=424","og_site_name":"Schlager Stuckateur","article_modified_time":"2022-12-01T13:11:21+00:00","og_image":[{"url":"https:\/\/www.schlager-stuckateurbetrieb.de\/wp-content\/uploads\/2022\/07\/schlager_anzeige-1-740x1024.jpg"}],"twitter_card":"summary_large_image","twitter_misc":{"Gesch\u00e4tzte Lesezeit":"1\u00a0Minute"},"schema":{"@context":"https:\/\/schema.org","@graph":[{"@type":"WebPage","@id":"https:\/\/www.schlager-stuckateurbetrieb.de\/?page_id=424","url":"https:\/\/www.schlager-stuckateurbetrieb.de\/?page_id=424","name":"Team - Schlager Stuckateur","isPartOf":{"@id":"https:\/\/www.schlager-stuckateurbetrieb.de\/#website"},"datePublished":"2022-12-01T13:04:58+00:00","dateModified":"2022-12-01T13:11:21+00:00","description":"Wir suchen junge Motivierte Mitarbeiter. Egal ob Ausbildung, Facharbeiter oder Ausbau-Manager. Wir unterst\u00fctzen dich bei deinem Berufswunsch.","breadcrumb":{"@id":"https:\/\/www.schlager-stuckateurbetrieb.de\/?page_id=424#breadcrumb"},"inLanguage":"de","potentialAction":[{"@type":"ReadAction","target":["https:\/\/www.schlager-stuckateurbetrieb.de\/?page_id=424"]}]},{"@type":"BreadcrumbList","@id":"https:\/\/www.schlager-stuckateurbetrieb.de\/?page_id=424#breadcrumb","itemListElement":[{"@type":"ListItem","position":1,"name":"Startseite","item":"https:\/\/www.schlager-stuckateurbetrieb.de\/"},{"@type":"ListItem","position":2,"name":"Impressum","item":"https:\/\/www.schlager-stuckateurbetrieb.de\/?page_id=115"},{"@type":"ListItem","position":3,"name":"Team"}]},{"@type":"WebSite","@id":"https:\/\/www.schlager-stuckateurbetrieb.de\/#website","url":"https:\/\/www.schlager-stuckateurbetrieb.de\/","name":"Schlager Stuckateur","description":"Ihr Fachmann f\u00fcr Au\u00dfen- und Innenarbeiten","publisher":{"@id":"https:\/\/www.schlager-stuckateurbetrieb.de\/#organization"},"potentialAction":[{"@type":"SearchAction","target":{"@type":"EntryPoint","urlTemplate":"https:\/\/www.schlager-stuckateurbetrieb.de\/?s={search_term_string}"},"query-input":"required name=search_term_string"}],"inLanguage":"de"},{"@type":"Organization","@id":"https:\/\/www.schlager-stuckateurbetrieb.de\/#organization","name":"Schlager Stuckateurbetrieb","url":"https:\/\/www.schlager-stuckateurbetrieb.de\/","logo":{"@type":"ImageObject","inLanguage":"de","@id":"https:\/\/www.schlager-stuckateurbetrieb.de\/#\/schema\/logo\/image\/","url":"https:\/\/www.schlager-stuckateurbetrieb.de\/wp-content\/uploads\/2020\/12\/cropped-new_cropped-schlager_logo.png","contentUrl":"https:\/\/www.schlager-stuckateurbetrieb.de\/wp-content\/uploads\/2020\/12\/cropped-new_cropped-schlager_logo.png","width":665,"height":250,"caption":"Schlager Stuckateurbetrieb"},"image":{"@id":"https:\/\/www.schlager-stuckateurbetrieb.de\/#\/schema\/logo\/image\/"}}]}},"_links":{"self":[{"href":"https:\/\/www.schlager-stuckateurbetrieb.de\/index.php?rest_route=\/wp\/v2\/pages\/424","targetHints":{"allow":["GET"]}}],"collection":[{"href":"https:\/\/www.schlager-stuckateurbetrieb.de\/index.php?rest_route=\/wp\/v2\/pages"}],"about":[{"href":"https:\/\/www.schlager-stuckateurbetrieb.de\/index.php?rest_route=\/wp\/v2\/types\/page"}],"author":[{"embeddable":true,"href":"https:\/\/www.schlager-stuckateurbetrieb.de\/index.php?rest_route=\/wp\/v2\/users\/2"}],"replies":[{"embeddable":true,"href":"https:\/\/www.schlager-stuckateurbetrieb.de\/index.php?rest_route=%2Fwp%2Fv2%2Fcomments&post=424"}],"version-history":[{"count":2,"href":"https:\/\/www.schlager-stuckateurbetrieb.de\/index.php?rest_route=\/wp\/v2\/pages\/424\/revisions"}],"predecessor-version":[{"id":427,"href":"https:\/\/www.schlager-stuckateurbetrieb.de\/index.php?rest_route=\/wp\/v2\/pages\/424\/revisions\/427"}],"up":[{"embeddable":true,"href":"https:\/\/www.schlager-stuckateurbetrieb.de\/index.php?rest_route=\/wp\/v2\/pages\/115"}],"wp:attachment":[{"href":"https:\/\/www.schlager-stuckateurbetrieb.de\/index.php?rest_route=%2Fwp%2Fv2%2Fmedia&parent=424"}],"curies":[{"name":"wp","href":"https:\/\/api.w.org\/{rel}","templated":true}]}}