{"id":7,"date":"2020-06-09T20:44:03","date_gmt":"2020-06-09T18:44:03","guid":{"rendered":"http:\/\/www.schlager-stuckateurbetrieb.de\/?page_id=7"},"modified":"2021-01-02T12:00:32","modified_gmt":"2021-01-02T11:00:32","slug":"ueber-uns","status":"publish","type":"page","link":"https:\/\/www.schlager-stuckateurbetrieb.de\/?page_id=7","title":{"rendered":"Betriebsgeschichte"},"content":{"rendered":"\n<h2 class=\"wp-block-heading\">Betriebsgeschichte<\/h2>\n\n\n\n<p><span wfd-id=\"5961\" style=\"color:#606060\" class=\"has-inline-color\"><em>14. M\u00e4rz 1963<\/em><br><\/span>Anmeldung bei der Handwerkskammer Ulm<br>als Einzelfirma: <strong>Helmut Schlager, Gipsergesch\u00e4ft<\/strong><br><br><em><span wfd-id=\"5960\" style=\"color:#606060\" class=\"has-inline-color\">1964<\/span><\/em><br>Anbau von Lagerraum an Wohnhaus<br>Erste Putzmaschine<br><br><em><span wfd-id=\"5959\" style=\"color:#606060\" class=\"has-inline-color\">1970<\/span><\/em><br>Erstes Stahlrohrger\u00fcst<br><br><em><span wfd-id=\"5958\" style=\"color:#606060\" class=\"has-inline-color\">1972<\/span><\/em><br>Aufstockung von Lagerraum und Bau einer LKW-Garage<br><br><em><span wfd-id=\"5957\" style=\"color:#606060\" class=\"has-inline-color\">1988<\/span><\/em><br>25-j\u00e4hriges Betriebsjubil\u00e4um<br><br><em><span wfd-id=\"5956\" style=\"color:#606060\" class=\"has-inline-color\">1992<\/span><\/em><br>Meisterpr\u00fcfung Norbert Schlager<br>Neubau Lagerhalle mit B\u00fcro- und Sanit\u00e4rr\u00e4umen<br>Lindenmaierstra\u00dfe 56, Untersulmetingen<br>(neue Betriebsanschrift)<br><br><em><span wfd-id=\"5955\" style=\"color:#606060\" class=\"has-inline-color\">1995<\/span><\/em><br>Erster PC<br><br><em><span wfd-id=\"5954\" style=\"color:#606060\" class=\"has-inline-color\">1. Januar 2000<br><\/span><\/em>Gesch\u00e4fts\u00fcbergabe an Norbert Schlager<br><br><em><span wfd-id=\"5953\" style=\"color:#606060\" class=\"has-inline-color\">2001<\/span><\/em><br>Internet-Anschluss<br><br><em><span wfd-id=\"5952\" style=\"color:#606060\" class=\"has-inline-color\">2003<\/span><\/em><br>40-jahriges Betriebsbestehen<br><br><span style=\"color:#606060\" class=\"has-inline-color\"><em>200<\/em>8<br><\/span>Erweiterung der Lagerhalle<br><br><em><span style=\"color:#606060\" class=\"has-inline-color\">2009<\/span><\/em><br>Gr\u00fcndung von <strong>Schlager Stuckateurbetrieb UG &amp; Co.KG<\/strong><br><br><em><span style=\"color:#606060\" class=\"has-inline-color\">2013<\/span><\/em><br>50-J\u00e4hriges Betriebsjubil\u00e4um<\/p>\n","protected":false},"excerpt":{"rendered":"<p>Betriebsgeschichte 14. M\u00e4rz 1963Anmeldung bei der Handwerkskammer Ulmals Einzelfirma: Helmut Schlager, Gipsergesch\u00e4ft 1964Anbau von Lagerraum an WohnhausErste Putzmaschine 1970Erstes Stahlrohrger\u00fcst 1972Aufstockung von Lagerraum und Bau einer LKW-Garage 198825-j\u00e4hriges Betriebsjubil\u00e4um 1992Meisterpr\u00fcfung Norbert SchlagerNeubau Lagerhalle mit B\u00fcro- und Sanit\u00e4rr\u00e4umenLindenmaierstra\u00dfe 56, Untersulmetingen(neue Betriebsanschrift) 1995Erster PC 1. Januar 2000Gesch\u00e4fts\u00fcbergabe an Norbert Schlager 2001Internet-Anschluss 200340-jahriges Betriebsbestehen 2008Erweiterung der Lagerhalle 2009Gr\u00fcndung &hellip; <\/p>\n<p class=\"link-more\"><a href=\"https:\/\/www.schlager-stuckateurbetrieb.de\/?page_id=7\" class=\"more-link\"><span class=\"screen-reader-text\">\u201eBetriebsgeschichte\u201c<\/span> weiterlesen<\/a><\/p>\n","protected":false},"author":1,"featured_media":0,"parent":0,"menu_order":0,"comment_status":"closed","ping_status":"closed","template":"","meta":{"footnotes":""},"class_list":["post-7","page","type-page","status-publish","hentry"],"yoast_head":"<!-- This site is optimized with the Yoast SEO plugin v19.11 - https:\/\/yoast.com\/wordpress\/plugins\/seo\/ -->\n<title>Betriebsgeschichte - Schlager Stuckateur<\/title>\n<meta name=\"robots\" content=\"index, follow, max-snippet:-1, max-image-preview:large, max-video-preview:-1\" \/>\n<link rel=\"canonical\" href=\"https:\/\/www.schlager-stuckateurbetrieb.de\/?page_id=7\" \/>\n<meta property=\"og:locale\" content=\"de_DE\" \/>\n<meta property=\"og:type\" content=\"article\" \/>\n<meta property=\"og:title\" content=\"Betriebsgeschichte - Schlager Stuckateur\" \/>\n<meta property=\"og:description\" content=\"Betriebsgeschichte 14. M\u00e4rz 1963Anmeldung bei der Handwerkskammer Ulmals Einzelfirma: Helmut Schlager, Gipsergesch\u00e4ft 1964Anbau von Lagerraum an WohnhausErste Putzmaschine 1970Erstes Stahlrohrger\u00fcst 1972Aufstockung von Lagerraum und Bau einer LKW-Garage 198825-j\u00e4hriges Betriebsjubil\u00e4um 1992Meisterpr\u00fcfung Norbert SchlagerNeubau Lagerhalle mit B\u00fcro- und Sanit\u00e4rr\u00e4umenLindenmaierstra\u00dfe 56, Untersulmetingen(neue Betriebsanschrift) 1995Erster PC 1. Januar 2000Gesch\u00e4fts\u00fcbergabe an Norbert Schlager 2001Internet-Anschluss 200340-jahriges Betriebsbestehen 2008Erweiterung der Lagerhalle 2009Gr\u00fcndung &hellip; \u201eBetriebsgeschichte\u201c weiterlesen\" \/>\n<meta property=\"og:url\" content=\"https:\/\/www.schlager-stuckateurbetrieb.de\/?page_id=7\" \/>\n<meta property=\"og:site_name\" content=\"Schlager Stuckateur\" \/>\n<meta property=\"article:modified_time\" content=\"2021-01-02T11:00:32+00:00\" \/>\n<meta name=\"twitter:card\" content=\"summary_large_image\" \/>\n<script type=\"application\/ld+json\" class=\"yoast-schema-graph\">{\"@context\":\"https:\/\/schema.org\",\"@graph\":[{\"@type\":\"WebPage\",\"@id\":\"https:\/\/www.schlager-stuckateurbetrieb.de\/?page_id=7\",\"url\":\"https:\/\/www.schlager-stuckateurbetrieb.de\/?page_id=7\",\"name\":\"Betriebsgeschichte - Schlager Stuckateur\",\"isPartOf\":{\"@id\":\"https:\/\/www.schlager-stuckateurbetrieb.de\/#website\"},\"datePublished\":\"2020-06-09T18:44:03+00:00\",\"dateModified\":\"2021-01-02T11:00:32+00:00\",\"breadcrumb\":{\"@id\":\"https:\/\/www.schlager-stuckateurbetrieb.de\/?page_id=7#breadcrumb\"},\"inLanguage\":\"de\",\"potentialAction\":[{\"@type\":\"ReadAction\",\"target\":[\"https:\/\/www.schlager-stuckateurbetrieb.de\/?page_id=7\"]}]},{\"@type\":\"BreadcrumbList\",\"@id\":\"https:\/\/www.schlager-stuckateurbetrieb.de\/?page_id=7#breadcrumb\",\"itemListElement\":[{\"@type\":\"ListItem\",\"position\":1,\"name\":\"Startseite\",\"item\":\"https:\/\/www.schlager-stuckateurbetrieb.de\/\"},{\"@type\":\"ListItem\",\"position\":2,\"name\":\"Betriebsgeschichte\"}]},{\"@type\":\"WebSite\",\"@id\":\"https:\/\/www.schlager-stuckateurbetrieb.de\/#website\",\"url\":\"https:\/\/www.schlager-stuckateurbetrieb.de\/\",\"name\":\"Schlager Stuckateur\",\"description\":\"Ihr Fachmann f\u00fcr Au\u00dfen- und Innenarbeiten\",\"publisher\":{\"@id\":\"https:\/\/www.schlager-stuckateurbetrieb.de\/#organization\"},\"potentialAction\":[{\"@type\":\"SearchAction\",\"target\":{\"@type\":\"EntryPoint\",\"urlTemplate\":\"https:\/\/www.schlager-stuckateurbetrieb.de\/?s={search_term_string}\"},\"query-input\":\"required name=search_term_string\"}],\"inLanguage\":\"de\"},{\"@type\":\"Organization\",\"@id\":\"https:\/\/www.schlager-stuckateurbetrieb.de\/#organization\",\"name\":\"Schlager Stuckateurbetrieb\",\"url\":\"https:\/\/www.schlager-stuckateurbetrieb.de\/\",\"logo\":{\"@type\":\"ImageObject\",\"inLanguage\":\"de\",\"@id\":\"https:\/\/www.schlager-stuckateurbetrieb.de\/#\/schema\/logo\/image\/\",\"url\":\"https:\/\/www.schlager-stuckateurbetrieb.de\/wp-content\/uploads\/2020\/12\/cropped-new_cropped-schlager_logo.png\",\"contentUrl\":\"https:\/\/www.schlager-stuckateurbetrieb.de\/wp-content\/uploads\/2020\/12\/cropped-new_cropped-schlager_logo.png\",\"width\":665,\"height\":250,\"caption\":\"Schlager Stuckateurbetrieb\"},\"image\":{\"@id\":\"https:\/\/www.schlager-stuckateurbetrieb.de\/#\/schema\/logo\/image\/\"}}]}<\/script>\n<!-- \/ Yoast SEO plugin. -->","yoast_head_json":{"title":"Betriebsgeschichte - Schlager Stuckateur","robots":{"index":"index","follow":"follow","max-snippet":"max-snippet:-1","max-image-preview":"max-image-preview:large","max-video-preview":"max-video-preview:-1"},"canonical":"https:\/\/www.schlager-stuckateurbetrieb.de\/?page_id=7","og_locale":"de_DE","og_type":"article","og_title":"Betriebsgeschichte - Schlager Stuckateur","og_description":"Betriebsgeschichte 14. M\u00e4rz 1963Anmeldung bei der Handwerkskammer Ulmals Einzelfirma: Helmut Schlager, Gipsergesch\u00e4ft 1964Anbau von Lagerraum an WohnhausErste Putzmaschine 1970Erstes Stahlrohrger\u00fcst 1972Aufstockung von Lagerraum und Bau einer LKW-Garage 198825-j\u00e4hriges Betriebsjubil\u00e4um 1992Meisterpr\u00fcfung Norbert SchlagerNeubau Lagerhalle mit B\u00fcro- und Sanit\u00e4rr\u00e4umenLindenmaierstra\u00dfe 56, Untersulmetingen(neue Betriebsanschrift) 1995Erster PC 1. Januar 2000Gesch\u00e4fts\u00fcbergabe an Norbert Schlager 2001Internet-Anschluss 200340-jahriges Betriebsbestehen 2008Erweiterung der Lagerhalle 2009Gr\u00fcndung &hellip; \u201eBetriebsgeschichte\u201c weiterlesen","og_url":"https:\/\/www.schlager-stuckateurbetrieb.de\/?page_id=7","og_site_name":"Schlager Stuckateur","article_modified_time":"2021-01-02T11:00:32+00:00","twitter_card":"summary_large_image","schema":{"@context":"https:\/\/schema.org","@graph":[{"@type":"WebPage","@id":"https:\/\/www.schlager-stuckateurbetrieb.de\/?page_id=7","url":"https:\/\/www.schlager-stuckateurbetrieb.de\/?page_id=7","name":"Betriebsgeschichte - Schlager Stuckateur","isPartOf":{"@id":"https:\/\/www.schlager-stuckateurbetrieb.de\/#website"},"datePublished":"2020-06-09T18:44:03+00:00","dateModified":"2021-01-02T11:00:32+00:00","breadcrumb":{"@id":"https:\/\/www.schlager-stuckateurbetrieb.de\/?page_id=7#breadcrumb"},"inLanguage":"de","potentialAction":[{"@type":"ReadAction","target":["https:\/\/www.schlager-stuckateurbetrieb.de\/?page_id=7"]}]},{"@type":"BreadcrumbList","@id":"https:\/\/www.schlager-stuckateurbetrieb.de\/?page_id=7#breadcrumb","itemListElement":[{"@type":"ListItem","position":1,"name":"Startseite","item":"https:\/\/www.schlager-stuckateurbetrieb.de\/"},{"@type":"ListItem","position":2,"name":"Betriebsgeschichte"}]},{"@type":"WebSite","@id":"https:\/\/www.schlager-stuckateurbetrieb.de\/#website","url":"https:\/\/www.schlager-stuckateurbetrieb.de\/","name":"Schlager Stuckateur","description":"Ihr Fachmann f\u00fcr Au\u00dfen- und Innenarbeiten","publisher":{"@id":"https:\/\/www.schlager-stuckateurbetrieb.de\/#organization"},"potentialAction":[{"@type":"SearchAction","target":{"@type":"EntryPoint","urlTemplate":"https:\/\/www.schlager-stuckateurbetrieb.de\/?s={search_term_string}"},"query-input":"required name=search_term_string"}],"inLanguage":"de"},{"@type":"Organization","@id":"https:\/\/www.schlager-stuckateurbetrieb.de\/#organization","name":"Schlager Stuckateurbetrieb","url":"https:\/\/www.schlager-stuckateurbetrieb.de\/","logo":{"@type":"ImageObject","inLanguage":"de","@id":"https:\/\/www.schlager-stuckateurbetrieb.de\/#\/schema\/logo\/image\/","url":"https:\/\/www.schlager-stuckateurbetrieb.de\/wp-content\/uploads\/2020\/12\/cropped-new_cropped-schlager_logo.png","contentUrl":"https:\/\/www.schlager-stuckateurbetrieb.de\/wp-content\/uploads\/2020\/12\/cropped-new_cropped-schlager_logo.png","width":665,"height":250,"caption":"Schlager Stuckateurbetrieb"},"image":{"@id":"https:\/\/www.schlager-stuckateurbetrieb.de\/#\/schema\/logo\/image\/"}}]}},"_links":{"self":[{"href":"https:\/\/www.schlager-stuckateurbetrieb.de\/index.php?rest_route=\/wp\/v2\/pages\/7","targetHints":{"allow":["GET"]}}],"collection":[{"href":"https:\/\/www.schlager-stuckateurbetrieb.de\/index.php?rest_route=\/wp\/v2\/pages"}],"about":[{"href":"https:\/\/www.schlager-stuckateurbetrieb.de\/index.php?rest_route=\/wp\/v2\/types\/page"}],"author":[{"embeddable":true,"href":"https:\/\/www.schlager-stuckateurbetrieb.de\/index.php?rest_route=\/wp\/v2\/users\/1"}],"replies":[{"embeddable":true,"href":"https:\/\/www.schlager-stuckateurbetrieb.de\/index.php?rest_route=%2Fwp%2Fv2%2Fcomments&post=7"}],"version-history":[{"count":33,"href":"https:\/\/www.schlager-stuckateurbetrieb.de\/index.php?rest_route=\/wp\/v2\/pages\/7\/revisions"}],"predecessor-version":[{"id":355,"href":"https:\/\/www.schlager-stuckateurbetrieb.de\/index.php?rest_route=\/wp\/v2\/pages\/7\/revisions\/355"}],"wp:attachment":[{"href":"https:\/\/www.schlager-stuckateurbetrieb.de\/index.php?rest_route=%2Fwp%2Fv2%2Fmedia&parent=7"}],"curies":[{"name":"wp","href":"https:\/\/api.w.org\/{rel}","templated":true}]}}